{"id":443,"date":"2023-04-26T15:16:56","date_gmt":"2023-04-26T15:16:56","guid":{"rendered":"https:\/\/duayenergy.com\/?page_id=443"},"modified":"2025-05-21T13:24:07","modified_gmt":"2025-05-21T11:24:07","slug":"aviso-legal","status":"publish","type":"page","link":"https:\/\/duayenergy.com\/?page_id=443","title":{"rendered":"Aviso Legal"},"content":{"rendered":"\t\t<div data-elementor-type=\"wp-page\" data-elementor-id=\"443\" class=\"elementor elementor-443\" data-elementor-settings=\"{&quot;ha_cmc_init_switcher&quot;:&quot;no&quot;}\" data-elementor-post-type=\"page\">\n\t\t\t\t\t\t<section class=\"elementor-section elementor-top-section elementor-element elementor-element-00c02b4 elementor-section-boxed elementor-section-height-default elementor-section-height-default\" data-id=\"00c02b4\" data-element_type=\"section\" data-e-type=\"section\" data-settings=\"{&quot;_ha_eqh_enable&quot;:false}\">\n\t\t\t\t\t\t<div class=\"elementor-container elementor-column-gap-default\">\n\t\t\t\t\t<div class=\"elementor-column elementor-col-100 elementor-top-column elementor-element elementor-element-0b567d3\" data-id=\"0b567d3\" data-element_type=\"column\" data-e-type=\"column\">\n\t\t\t<div class=\"elementor-widget-wrap elementor-element-populated\">\n\t\t\t\t\t\t<div class=\"elementor-element elementor-element-508fe99 elementor-widget elementor-widget-text-editor\" data-id=\"508fe99\" data-element_type=\"widget\" data-e-type=\"widget\" data-widget_type=\"text-editor.default\">\n\t\t\t\t<div class=\"elementor-widget-container\">\n\t\t\t\t\t\t\t\t\t<p>En cumplimiento con el deber de informaci\u00f3n recogido en art\u00edculo 10 de la Ley 34\/2002, de 11 de julio, de Servicios de la Sociedadde la Informaci\u00f3n y del Comercio Electr\u00f3nico (LSSICE), el propietario de la web <a href=\"https:\/\/duayenergy.com\/\"><strong>https:\/\/duayenergy.com<\/strong><\/a> le informa de lo siguiente:<\/p>\n<p><\/p>\n<ul>\n<li>Denominaci\u00f3n social: Duay Soluciones S.L.<\/li>\n<li>NIF: B72676943<\/li>\n<li>Domicilio: C\/ Doctor G\u00f3mez Jim\u00e9nez, 29640 &#8211; Fuengirola (M\u00e1laga)<\/li>\n<\/ul>\n<p>Con los l\u00edmites establecidos en la ley, <a href=\"https:\/\/duayenergy.com\/\"><strong>https:\/\/duayenergy.com<\/strong><\/a> &nbsp;no asume ninguna responsabilidad derivada de la falta deveracidad, integridad, actualizaci\u00f3n y precisi\u00f3n de los datos o informaciones que se contienen en sus p\u00e1ginas de Internet.<\/p>\n<p><\/p>\n<p>Los contenidos e informaci\u00f3n no vinculan a <a href=\"https:\/\/duayenergy.com\/\"><strong>https:\/\/duayenergy.com<\/strong><\/a> ni constituyen opiniones, consejos o asesoramiento legal dening\u00fan tipo pues se trata meramente de un servicio ofrecido con car\u00e1cter informativo y divulgativo.<\/p>\n<p><\/p>\n<p>Las p\u00e1ginas de Internet de <a href=\"https:\/\/duayenergy.com\/\"><strong>https:\/\/duayenergy.com<\/strong><\/a>pueden contener enlaces (links) a otras p\u00e1ginas de terceras partes que <a href=\"https:\/\/duayenergy.com\/\"><strong>https:\/\/duayenergy.com<\/strong><\/a>\/ no puede controlar. Por lo tanto, <a href=\"https:\/\/duayenergy.com\/\"><strong>https:\/\/duayenergy.com<\/strong><\/a> no puede asumir responsabilidades por el contenido que pueda aparecer en p\u00e1ginas de terceros.<\/p>\n<p><\/p>\n<p>Los textos, im\u00e1genes, sonidos, animaciones, software y el resto de los contenidos incluidos en este website son propiedadexclusiva de https:\/\/ahorraconayuda.com\/ o sus licenciantes. Cualquier acto de transmisi\u00f3n, distribuci\u00f3n, cesi\u00f3n,reproducci\u00f3n, almacenamiento o comunicaci\u00f3n p\u00fablica total o parcial, debe contar con el consentimiento expreso de<a href=\"https:\/\/duayenergy.com\/\"><strong>https:\/\/duayenergy.com<\/strong><\/a><\/p>\n<p><\/p>\n<p>Asimismo, para acceder a algunos de los servicios que <a href=\"https:\/\/duayenergy.com\/\"><strong>https:\/\/duayenergy.com<\/strong><\/a> ofrece a trav\u00e9s del website deber\u00e1 proporcionar algunos datos de car\u00e1cter personal. En cumplimiento de lo establecido en el Reglamento (UE) 2016\/679 del Parlamento Europeo y del Consejo, de 27 de abril de 2016, relativo a la protecci\u00f3n de las personas f\u00edsicas en lo que respecta al tratamiento de datos personales y a la libre circulaci\u00f3n de estos datos le informamos que, mediante la cumplimentaci\u00f3n de los presentes formularios, sus datos personales quedar\u00e1n incorporados y ser\u00e1n tratados en los ficheros de Duay Soluciones S.L. con el fin de poderle prestar y ofrecer nuestros servicios as\u00ed como para informarle de las mejoras del sitio Web. Asimismo, le informamos de la posibilidad de que ejerza los derechos de acceso, rectificaci\u00f3n, cancelaci\u00f3n y oposici\u00f3n de sus datos de car\u00e1cter personal, manera gratuita medianteemail a&nbsp;<a href=\"mailto:derechosarco@duaysoluciones.com\" target=\"_blank\">derechosarco@duaysoluciones.com<\/a>&nbsp;o en la direcci\u00f3n C\/ Pomelo 5, 2B 29649 &#8211; Cala de Mijas (M\u00e1laga).<\/p>\n<p><\/p>\t\t\t\t\t\t\t\t<\/div>\n\t\t\t\t<\/div>\n\t\t\t\t\t<\/div>\n\t\t<\/div>\n\t\t\t\t\t<\/div>\n\t\t<\/section>\n\t\t\t\t<section class=\"elementor-section elementor-top-section elementor-element elementor-element-30ec50a hh elementor-hidden-tablet elementor-hidden-mobile elementor-section-boxed elementor-section-height-default elementor-section-height-default\" data-id=\"30ec50a\" data-element_type=\"section\" data-e-type=\"section\" data-settings=\"{&quot;background_background&quot;:&quot;classic&quot;,&quot;_ha_eqh_enable&quot;:false}\">\n\t\t\t\t\t\t<div class=\"elementor-container elementor-column-gap-default\">\n\t\t\t\t\t<div class=\"elementor-column elementor-col-100 elementor-top-column elementor-element elementor-element-1dd6b88\" data-id=\"1dd6b88\" data-element_type=\"column\" data-e-type=\"column\" data-settings=\"{&quot;background_background&quot;:&quot;classic&quot;}\">\n\t\t\t<div class=\"elementor-widget-wrap elementor-element-populated\">\n\t\t\t\t\t\t<section class=\"elementor-section elementor-inner-section elementor-element elementor-element-0da15a4 elementor-section-boxed elementor-section-height-default elementor-section-height-default\" data-id=\"0da15a4\" data-element_type=\"section\" data-e-type=\"section\" data-settings=\"{&quot;background_background&quot;:&quot;classic&quot;,&quot;sticky&quot;:&quot;top&quot;,&quot;sticky_on&quot;:[&quot;widescreen&quot;,&quot;desktop&quot;],&quot;_ha_eqh_enable&quot;:false,&quot;sticky_offset&quot;:0,&quot;sticky_effects_offset&quot;:0,&quot;sticky_anchor_link_offset&quot;:0}\">\n\t\t\t\t\t\t<div class=\"elementor-container elementor-column-gap-default\">\n\t\t\t\t\t<div class=\"elementor-column elementor-col-100 elementor-inner-column elementor-element elementor-element-2568fc6\" data-id=\"2568fc6\" data-element_type=\"column\" data-e-type=\"column\" data-settings=\"{&quot;background_background&quot;:&quot;classic&quot;}\">\n\t\t\t<div class=\"elementor-widget-wrap elementor-element-populated\">\n\t\t\t\t\t\t<div class=\"elementor-element elementor-element-2c498e0 elementor-widget elementor-widget-heading\" data-id=\"2c498e0\" data-element_type=\"widget\" data-e-type=\"widget\" data-widget_type=\"heading.default\">\n\t\t\t\t<div class=\"elementor-widget-container\">\n\t\t\t\t\t<p class=\"elementor-heading-title elementor-size-default\">Empresa colaboradora<\/p>\t\t\t\t<\/div>\n\t\t\t\t<\/div>\n\t\t\t\t<section class=\"elementor-section elementor-inner-section elementor-element elementor-element-eaf113c elementor-section-boxed elementor-section-height-default elementor-section-height-default\" data-id=\"eaf113c\" data-element_type=\"section\" data-e-type=\"section\" data-settings=\"{&quot;_ha_eqh_enable&quot;:false}\">\n\t\t\t\t\t\t<div class=\"elementor-container elementor-column-gap-default\">\n\t\t\t\t\t<div class=\"elementor-column elementor-col-50 elementor-inner-column elementor-element elementor-element-1ad9afb\" data-id=\"1ad9afb\" data-element_type=\"column\" data-e-type=\"column\">\n\t\t\t<div class=\"elementor-widget-wrap elementor-element-populated\">\n\t\t\t\t\t\t<div class=\"elementor-element elementor-element-9c721ed elementor-widget elementor-widget-heading\" data-id=\"9c721ed\" data-element_type=\"widget\" data-e-type=\"widget\" data-widget_type=\"heading.default\">\n\t\t\t\t<div class=\"elementor-widget-container\">\n\t\t\t\t\t<p class=\"elementor-heading-title elementor-size-default\">autorizada por<\/p>\t\t\t\t<\/div>\n\t\t\t\t<\/div>\n\t\t\t\t\t<\/div>\n\t\t<\/div>\n\t\t\t\t<div class=\"elementor-column elementor-col-50 elementor-inner-column elementor-element elementor-element-e2ebbec\" data-id=\"e2ebbec\" data-element_type=\"column\" data-e-type=\"column\">\n\t\t\t<div class=\"elementor-widget-wrap elementor-element-populated\">\n\t\t\t\t\t\t<div class=\"elementor-element elementor-element-9fb767c elementor-widget elementor-widget-image\" data-id=\"9fb767c\" data-element_type=\"widget\" data-e-type=\"widget\" data-widget_type=\"image.default\">\n\t\t\t\t<div class=\"elementor-widget-container\">\n\t\t\t\t\t\t\t\t\t\t\t\t\t\t\t<img decoding=\"async\" width=\"66\" height=\"14\" src=\"https:\/\/duayenergy.com\/wp-content\/uploads\/2024\/01\/endesa.webp\" class=\"attachment-large size-large wp-image-1090\" alt=\"\" \/>\t\t\t\t\t\t\t\t\t\t\t\t\t\t\t<\/div>\n\t\t\t\t<\/div>\n\t\t\t\t\t<\/div>\n\t\t<\/div>\n\t\t\t\t\t<\/div>\n\t\t<\/section>\n\t\t\t\t\t<\/div>\n\t\t<\/div>\n\t\t\t\t\t<\/div>\n\t\t<\/section>\n\t\t\t\t\t<\/div>\n\t\t<\/div>\n\t\t\t\t\t<\/div>\n\t\t<\/section>\n\t\t\t\t<\/div>\n\t\t","protected":false},"excerpt":{"rendered":"<p>En cumplimiento con el deber de informaci\u00f3n recogido en art\u00edculo 10 de la Ley 34\/2002, de 11 de julio, de Servicios de la Sociedadde la Informaci\u00f3n y del Comercio Electr\u00f3nico (LSSICE), el propietario de la web https:\/\/duayenergy.com le informa de lo siguiente: Denominaci\u00f3n social: Duay Soluciones S.L. NIF: B72676943 Domicilio: C\/ Doctor G\u00f3mez Jim\u00e9nez, 29640 [&hellip;]<\/p>\n","protected":false},"author":1,"featured_media":0,"parent":0,"menu_order":0,"comment_status":"closed","ping_status":"closed","template":"","meta":{"content-type":"","footnotes":""},"class_list":["post-443","page","type-page","status-publish","hentry"],"_links":{"self":[{"href":"https:\/\/duayenergy.com\/index.php?rest_route=\/wp\/v2\/pages\/443","targetHints":{"allow":["GET"]}}],"collection":[{"href":"https:\/\/duayenergy.com\/index.php?rest_route=\/wp\/v2\/pages"}],"about":[{"href":"https:\/\/duayenergy.com\/index.php?rest_route=\/wp\/v2\/types\/page"}],"author":[{"embeddable":true,"href":"https:\/\/duayenergy.com\/index.php?rest_route=\/wp\/v2\/users\/1"}],"replies":[{"embeddable":true,"href":"https:\/\/duayenergy.com\/index.php?rest_route=%2Fwp%2Fv2%2Fcomments&post=443"}],"version-history":[{"count":11,"href":"https:\/\/duayenergy.com\/index.php?rest_route=\/wp\/v2\/pages\/443\/revisions"}],"predecessor-version":[{"id":1353,"href":"https:\/\/duayenergy.com\/index.php?rest_route=\/wp\/v2\/pages\/443\/revisions\/1353"}],"wp:attachment":[{"href":"https:\/\/duayenergy.com\/index.php?rest_route=%2Fwp%2Fv2%2Fmedia&parent=443"}],"curies":[{"name":"wp","href":"https:\/\/api.w.org\/{rel}","templated":true}]}}